{"id":178,"date":"2024-12-29T20:52:51","date_gmt":"2024-12-29T20:52:51","guid":{"rendered":"https:\/\/griebler-consulting.de\/?page_id=178"},"modified":"2025-05-11T14:12:32","modified_gmt":"2025-05-11T14:12:32","slug":"profil","status":"publish","type":"page","link":"https:\/\/griebler-consulting.de\/en\/profil\/","title":{"rendered":"Profile"},"content":{"rendered":"<div data-elementor-type=\"wp-page\" data-elementor-id=\"178\" class=\"elementor elementor-178\">\n\t\t\t\t<div class=\"elementor-element elementor-element-5ce72ec e-flex e-con-boxed e-con e-parent\" data-id=\"5ce72ec\" data-element_type=\"container\" data-e-type=\"container\" data-settings=\"{&quot;background_background&quot;:&quot;classic&quot;}\">\n\t\t\t\t\t<div class=\"e-con-inner\">\n\t\t<div class=\"elementor-element elementor-element-1081d5f e-con-full e-flex e-con e-child\" data-id=\"1081d5f\" data-element_type=\"container\" data-e-type=\"container\" data-settings=\"{&quot;background_background&quot;:&quot;classic&quot;}\">\n\t\t\t\t<div class=\"elementor-element elementor-element-94fcf8c elementor-widget elementor-widget-image\" data-id=\"94fcf8c\" data-element_type=\"widget\" data-e-type=\"widget\" data-widget_type=\"image.default\">\n\t\t\t\t<div class=\"elementor-widget-container\">\n\t\t\t\t\t\t\t\t\t\t\t\t\t\t\t<img fetchpriority=\"high\" decoding=\"async\" width=\"810\" height=\"270\" src=\"https:\/\/griebler-consulting.de\/wp-content\/uploads\/2025\/01\/site_cover_2.png\" class=\"attachment-large size-large wp-image-544\" alt=\"\" srcset=\"https:\/\/griebler-consulting.de\/wp-content\/uploads\/2025\/01\/site_cover_2.png 810w, https:\/\/griebler-consulting.de\/wp-content\/uploads\/2025\/01\/site_cover_2-300x100.png 300w, https:\/\/griebler-consulting.de\/wp-content\/uploads\/2025\/01\/site_cover_2-768x256.png 768w, https:\/\/griebler-consulting.de\/wp-content\/uploads\/2025\/01\/site_cover_2-18x6.png 18w\" sizes=\"(max-width: 810px) 100vw, 810px\" \/>\t\t\t\t\t\t\t\t\t\t\t\t\t\t\t<\/div>\n\t\t\t\t<\/div>\n\t\t\t\t<div class=\"elementor-element elementor-element-8c8d791 elementor-widget elementor-widget-spacer\" data-id=\"8c8d791\" data-element_type=\"widget\" data-e-type=\"widget\" data-widget_type=\"spacer.default\">\n\t\t\t\t<div class=\"elementor-widget-container\">\n\t\t\t\t\t\t\t<div class=\"elementor-spacer\">\n\t\t\t<div class=\"elementor-spacer-inner\"><\/div>\n\t\t<\/div>\n\t\t\t\t\t\t<\/div>\n\t\t\t\t<\/div>\n\t\t\t\t<\/div>\n\t\t<div class=\"elementor-element elementor-element-9be729a e-con-full e-flex e-con e-child\" data-id=\"9be729a\" data-element_type=\"container\" data-e-type=\"container\">\n\t\t<div class=\"elementor-element elementor-element-96565dd e-con-full e-flex e-con e-child\" data-id=\"96565dd\" data-element_type=\"container\" data-e-type=\"container\">\n\t\t<div class=\"elementor-element elementor-element-577a650 e-con-full e-flex e-con e-child\" data-id=\"577a650\" data-element_type=\"container\" data-e-type=\"container\">\n\t\t\t\t<div class=\"elementor-element elementor-element-f54a0c6 elementor-widget elementor-widget-heading\" data-id=\"f54a0c6\" data-element_type=\"widget\" data-e-type=\"widget\" data-widget_type=\"heading.default\">\n\t\t\t\t<div class=\"elementor-widget-container\">\n\t\t\t\t\t<h2 class=\"elementor-heading-title elementor-size-default\">Griebler-Consulting<\/h2>\t\t\t\t<\/div>\n\t\t\t\t<\/div>\n\t\t\t\t<div class=\"elementor-element elementor-element-1b62d8f elementor-widget elementor-widget-text-editor\" data-id=\"1b62d8f\" data-element_type=\"widget\" data-e-type=\"widget\" data-widget_type=\"text-editor.default\">\n\t\t\t\t<div class=\"elementor-widget-container\">\n\t\t\t\t\t\t\t\t\t<div><p class=\"bodytext\">Interim Management<br \/>Organisation Consulting<br \/>Coaching<\/p><p class=\"bodytext\">Manfred Griebler<\/p><p class=\"bodytext\">Traminerweg 6<br \/>D-76887 Bad Bergzabern<\/p><p class=\"bodytext\">&#43;&#x34;9&#x20;1&#55;&#x36;&#32;&#x35;5&#32;&#x32;&#49;&#x20;0&#x34;&#x20;&#51;&#x34;<\/p><\/div>\t\t\t\t\t\t\t\t<\/div>\n\t\t\t\t<\/div>\n\t\t\t\t<\/div>\n\t\t<div class=\"elementor-element elementor-element-f8c9d59 e-con-full e-flex e-con e-child\" data-id=\"f8c9d59\" data-element_type=\"container\" data-e-type=\"container\">\n\t\t<div class=\"elementor-element elementor-element-62cc40f e-con-full e-flex e-con e-child\" data-id=\"62cc40f\" data-element_type=\"container\" data-e-type=\"container\">\n\t\t\t\t<div class=\"elementor-element elementor-element-9fcfea8 elementor-widget elementor-widget-heading\" data-id=\"9fcfea8\" data-element_type=\"widget\" data-e-type=\"widget\" data-widget_type=\"heading.default\">\n\t\t\t\t<div class=\"elementor-widget-container\">\n\t\t\t\t\t<h2 class=\"elementor-heading-title elementor-size-default\">Manfred Griebler<\/h2>\t\t\t\t<\/div>\n\t\t\t\t<\/div>\n\t\t\t\t<div class=\"elementor-element elementor-element-c62a472 elementor-widget elementor-widget-heading\" data-id=\"c62a472\" data-element_type=\"widget\" data-e-type=\"widget\" data-widget_type=\"heading.default\">\n\t\t\t\t<div class=\"elementor-widget-container\">\n\t\t\t\t\t<h2 class=\"elementor-heading-title elementor-size-default\">Birth year 1961<\/h2>\t\t\t\t<\/div>\n\t\t\t\t<\/div>\n\t\t\t\t<\/div>\n\t\t\t\t<div class=\"elementor-element elementor-element-7174c9c elementor-widget-divider--view-line elementor-widget elementor-widget-divider\" data-id=\"7174c9c\" data-element_type=\"widget\" data-e-type=\"widget\" data-widget_type=\"divider.default\">\n\t\t\t\t<div class=\"elementor-widget-container\">\n\t\t\t\t\t\t\t<div class=\"elementor-divider\">\n\t\t\t<span class=\"elementor-divider-separator\">\n\t\t\t\t\t\t<\/span>\n\t\t<\/div>\n\t\t\t\t\t\t<\/div>\n\t\t\t\t<\/div>\n\t\t\t\t<div class=\"elementor-element elementor-element-316c19c elementor-widget elementor-widget-text-editor\" data-id=\"316c19c\" data-element_type=\"widget\" data-e-type=\"widget\" data-widget_type=\"text-editor.default\">\n\t\t\t\t<div class=\"elementor-widget-container\">\n\t\t\t\t\t\t\t\t\t<div><p class=\"bodytext\">My professional experience and skills stem from my work in family businesses, medium-sized companies and large international corporations (company size  50,000 employees) in the following areas:<\/p><ul><li class=\"bodytext\">Business management<\/li><li>Process optimization<\/li><li>Project management<\/li><li>Escalation management<\/li><li>Automotive interior \/ exterior<\/li><li>Development \/ Engineering<\/li><li>Production-JIS \/ CIP<\/li><li>Special machine construction \/ automation<\/li><li>Plastics processing<\/li><li>Metal processing<\/li><li>Toolmaking \/ mold making<\/li><li>Hands on<\/li><\/ul><\/div>\t\t\t\t\t\t\t\t<\/div>\n\t\t\t\t<\/div>\n\t\t\t\t<div class=\"elementor-element elementor-element-1821f1e elementor-widget-divider--view-line elementor-widget elementor-widget-divider\" data-id=\"1821f1e\" data-element_type=\"widget\" data-e-type=\"widget\" data-widget_type=\"divider.default\">\n\t\t\t\t<div class=\"elementor-widget-container\">\n\t\t\t\t\t\t\t<div class=\"elementor-divider\">\n\t\t\t<span class=\"elementor-divider-separator\">\n\t\t\t\t\t\t<\/span>\n\t\t<\/div>\n\t\t\t\t\t\t<\/div>\n\t\t\t\t<\/div>\n\t\t\t\t<div class=\"elementor-element elementor-element-46e515f elementor-widget elementor-widget-text-editor\" data-id=\"46e515f\" data-element_type=\"widget\" data-e-type=\"widget\" data-widget_type=\"text-editor.default\">\n\t\t\t\t<div class=\"elementor-widget-container\">\n\t\t\t\t\t\t\t\t\t<p class=\"bodytext\"><b>Training:<\/b><\/p><ul><li>REFA technician for workplace design and business organization<\/li><li>Industrial foreman in metal<\/li><li>Toolmaker<\/li><li>Systemic organizational constellation<\/li><li>Various management seminars<\/li><\/ul>\t\t\t\t\t\t\t\t<\/div>\n\t\t\t\t<\/div>\n\t\t\t\t<div class=\"elementor-element elementor-element-2c048cd elementor-widget-divider--view-line elementor-widget elementor-widget-divider\" data-id=\"2c048cd\" data-element_type=\"widget\" data-e-type=\"widget\" data-widget_type=\"divider.default\">\n\t\t\t\t<div class=\"elementor-widget-container\">\n\t\t\t\t\t\t\t<div class=\"elementor-divider\">\n\t\t\t<span class=\"elementor-divider-separator\">\n\t\t\t\t\t\t<\/span>\n\t\t<\/div>\n\t\t\t\t\t\t<\/div>\n\t\t\t\t<\/div>\n\t\t\t\t<div class=\"elementor-element elementor-element-e33c72e elementor-widget elementor-widget-text-editor\" data-id=\"e33c72e\" data-element_type=\"widget\" data-e-type=\"widget\" data-widget_type=\"text-editor.default\">\n\t\t\t\t<div class=\"elementor-widget-container\">\n\t\t\t\t\t\t\t\t\t<p class=\"bodytext\">I have been working as an independent interim manager since 2007!<\/p>\t\t\t\t\t\t\t\t<\/div>\n\t\t\t\t<\/div>\n\t\t\t\t<div class=\"elementor-element elementor-element-25c5fab elementor-widget-divider--view-line elementor-widget elementor-widget-divider\" data-id=\"25c5fab\" data-element_type=\"widget\" data-e-type=\"widget\" data-widget_type=\"divider.default\">\n\t\t\t\t<div class=\"elementor-widget-container\">\n\t\t\t\t\t\t\t<div class=\"elementor-divider\">\n\t\t\t<span class=\"elementor-divider-separator\">\n\t\t\t\t\t\t<\/span>\n\t\t<\/div>\n\t\t\t\t\t\t<\/div>\n\t\t\t\t<\/div>\n\t\t\t\t<\/div>\n\t\t\t\t<\/div>\n\t\t\t\t<\/div>\n\t\t\t\t\t<\/div>\n\t\t\t\t<\/div>\n\t\t\t\t<\/div>","protected":false},"excerpt":{"rendered":"<p>Griebler-Consulting Interim ManagementOrganisationsberatungCoaching Manfred Griebler Traminerweg 676887 Bad Bergzabern Manfred Griebler Jahrgang 1961 Die beruflichen Erfahrungen und Kompetenzen kommen aus meinen T\u00e4tigkeiten bei Familienunternehmen, mittelst\u00e4ndigen Unternehmen bis hin zu internationalen Gro\u00dfkonzernen (Firmengr\u00f6\u00dfe &lt; 10 Mitarbeiter bis Firmengr\u00f6\u00dfe &gt; 50.000 Mitarbeiter), in den Bereichen: Gesch\u00e4ftsf\u00fchrung Prozessoptimierung Projekt-Management Eskalationsmanagement Automotive-Interior \/ Exterior Entwicklung \/ Engineering Produktion-JIS \/ [&hellip;]<\/p>\n","protected":false},"author":1,"featured_media":0,"parent":0,"menu_order":0,"comment_status":"closed","ping_status":"closed","template":"","meta":{"_acf_changed":false,"ocean_post_layout":"","ocean_both_sidebars_style":"","ocean_both_sidebars_content_width":0,"ocean_both_sidebars_sidebars_width":0,"ocean_sidebar":"","ocean_second_sidebar":"","ocean_disable_margins":"enable","ocean_add_body_class":"","ocean_shortcode_before_top_bar":"","ocean_shortcode_after_top_bar":"","ocean_shortcode_before_header":"","ocean_shortcode_after_header":"","ocean_has_shortcode":"","ocean_shortcode_after_title":"","ocean_shortcode_before_footer_widgets":"","ocean_shortcode_after_footer_widgets":"","ocean_shortcode_before_footer_bottom":"","ocean_shortcode_after_footer_bottom":"","ocean_display_top_bar":"default","ocean_display_header":"default","ocean_header_style":"","ocean_center_header_left_menu":"","ocean_custom_header_template":"","ocean_custom_logo":0,"ocean_custom_retina_logo":0,"ocean_custom_logo_max_width":0,"ocean_custom_logo_tablet_max_width":0,"ocean_custom_logo_mobile_max_width":0,"ocean_custom_logo_max_height":0,"ocean_custom_logo_tablet_max_height":0,"ocean_custom_logo_mobile_max_height":0,"ocean_header_custom_menu":"","ocean_menu_typo_font_family":"","ocean_menu_typo_font_subset":"","ocean_menu_typo_font_size":0,"ocean_menu_typo_font_size_tablet":0,"ocean_menu_typo_font_size_mobile":0,"ocean_menu_typo_font_size_unit":"px","ocean_menu_typo_font_weight":"","ocean_menu_typo_font_weight_tablet":"","ocean_menu_typo_font_weight_mobile":"","ocean_menu_typo_transform":"","ocean_menu_typo_transform_tablet":"","ocean_menu_typo_transform_mobile":"","ocean_menu_typo_line_height":0,"ocean_menu_typo_line_height_tablet":0,"ocean_menu_typo_line_height_mobile":0,"ocean_menu_typo_line_height_unit":"","ocean_menu_typo_spacing":0,"ocean_menu_typo_spacing_tablet":0,"ocean_menu_typo_spacing_mobile":0,"ocean_menu_typo_spacing_unit":"","ocean_menu_link_color":"","ocean_menu_link_color_hover":"","ocean_menu_link_color_active":"","ocean_menu_link_background":"","ocean_menu_link_hover_background":"","ocean_menu_link_active_background":"","ocean_menu_social_links_bg":"","ocean_menu_social_hover_links_bg":"","ocean_menu_social_links_color":"","ocean_menu_social_hover_links_color":"","ocean_disable_title":"default","ocean_disable_heading":"default","ocean_post_title":"","ocean_post_subheading":"","ocean_post_title_style":"","ocean_post_title_background_color":"","ocean_post_title_background":0,"ocean_post_title_bg_image_position":"","ocean_post_title_bg_image_attachment":"","ocean_post_title_bg_image_repeat":"","ocean_post_title_bg_image_size":"","ocean_post_title_height":0,"ocean_post_title_bg_overlay":0.5,"ocean_post_title_bg_overlay_color":"","ocean_disable_breadcrumbs":"default","ocean_breadcrumbs_color":"","ocean_breadcrumbs_separator_color":"","ocean_breadcrumbs_links_color":"","ocean_breadcrumbs_links_hover_color":"","ocean_display_footer_widgets":"default","ocean_display_footer_bottom":"default","ocean_custom_footer_template":"","footnotes":""},"class_list":["post-178","page","type-page","status-publish","hentry","entry"],"acf":[],"yoast_head":"<!-- This site is optimized with the Yoast SEO plugin v27.4 - https:\/\/yoast.com\/product\/yoast-seo-wordpress\/ -->\n<title>Profil - Griebler Consulting<\/title>\n<meta name=\"robots\" content=\"index, follow, max-snippet:-1, max-image-preview:large, max-video-preview:-1\" \/>\n<link rel=\"canonical\" href=\"https:\/\/griebler-consulting.de\/en\/profil\/\" \/>\n<meta property=\"og:locale\" content=\"en_US\" \/>\n<meta property=\"og:type\" content=\"article\" \/>\n<meta property=\"og:title\" content=\"Profil - Griebler Consulting\" \/>\n<meta property=\"og:description\" content=\"Griebler-Consulting Interim ManagementOrganisationsberatungCoaching Manfred Griebler Traminerweg 676887 Bad Bergzabern Manfred Griebler Jahrgang 1961 Die beruflichen Erfahrungen und Kompetenzen kommen aus meinen T\u00e4tigkeiten bei Familienunternehmen, mittelst\u00e4ndigen Unternehmen bis hin zu internationalen Gro\u00dfkonzernen (Firmengr\u00f6\u00dfe &lt; 10 Mitarbeiter bis Firmengr\u00f6\u00dfe &gt; 50.000 Mitarbeiter), in den Bereichen: Gesch\u00e4ftsf\u00fchrung Prozessoptimierung Projekt-Management Eskalationsmanagement Automotive-Interior \/ Exterior Entwicklung \/ Engineering Produktion-JIS \/ [&hellip;]\" \/>\n<meta property=\"og:url\" content=\"https:\/\/griebler-consulting.de\/en\/profil\/\" \/>\n<meta property=\"og:site_name\" content=\"Griebler Consulting\" \/>\n<meta property=\"article:modified_time\" content=\"2025-05-11T14:12:32+00:00\" \/>\n<meta property=\"og:image\" content=\"https:\/\/griebler-consulting.de\/wp-content\/uploads\/2025\/01\/site_cover_2.png\" \/>\n\t<meta property=\"og:image:width\" content=\"810\" \/>\n\t<meta property=\"og:image:height\" content=\"270\" \/>\n\t<meta property=\"og:image:type\" content=\"image\/png\" \/>\n<meta name=\"twitter:card\" content=\"summary_large_image\" \/>\n<script type=\"application\/ld+json\" class=\"yoast-schema-graph\">{\"@context\":\"https:\\\/\\\/schema.org\",\"@graph\":[{\"@type\":\"WebPage\",\"@id\":\"https:\\\/\\\/griebler-consulting.de\\\/profil\\\/\",\"url\":\"https:\\\/\\\/griebler-consulting.de\\\/profil\\\/\",\"name\":\"Profil - Griebler Consulting\",\"isPartOf\":{\"@id\":\"https:\\\/\\\/griebler-consulting.de\\\/#website\"},\"primaryImageOfPage\":{\"@id\":\"https:\\\/\\\/griebler-consulting.de\\\/profil\\\/#primaryimage\"},\"image\":{\"@id\":\"https:\\\/\\\/griebler-consulting.de\\\/profil\\\/#primaryimage\"},\"thumbnailUrl\":\"https:\\\/\\\/griebler-consulting.de\\\/wp-content\\\/uploads\\\/2025\\\/01\\\/site_cover_2.png\",\"datePublished\":\"2024-12-29T20:52:51+00:00\",\"dateModified\":\"2025-05-11T14:12:32+00:00\",\"breadcrumb\":{\"@id\":\"https:\\\/\\\/griebler-consulting.de\\\/profil\\\/#breadcrumb\"},\"inLanguage\":\"en-US\",\"potentialAction\":[{\"@type\":\"ReadAction\",\"target\":[\"https:\\\/\\\/griebler-consulting.de\\\/profil\\\/\"]}]},{\"@type\":\"ImageObject\",\"inLanguage\":\"en-US\",\"@id\":\"https:\\\/\\\/griebler-consulting.de\\\/profil\\\/#primaryimage\",\"url\":\"https:\\\/\\\/griebler-consulting.de\\\/wp-content\\\/uploads\\\/2025\\\/01\\\/site_cover_2.png\",\"contentUrl\":\"https:\\\/\\\/griebler-consulting.de\\\/wp-content\\\/uploads\\\/2025\\\/01\\\/site_cover_2.png\"},{\"@type\":\"BreadcrumbList\",\"@id\":\"https:\\\/\\\/griebler-consulting.de\\\/profil\\\/#breadcrumb\",\"itemListElement\":[{\"@type\":\"ListItem\",\"position\":1,\"name\":\"Startseite\",\"item\":\"https:\\\/\\\/griebler-consulting.de\\\/\"},{\"@type\":\"ListItem\",\"position\":2,\"name\":\"Profil\"}]},{\"@type\":\"WebSite\",\"@id\":\"https:\\\/\\\/griebler-consulting.de\\\/#website\",\"url\":\"https:\\\/\\\/griebler-consulting.de\\\/\",\"name\":\"Griebler Consulting\",\"description\":\"\",\"publisher\":{\"@id\":\"https:\\\/\\\/griebler-consulting.de\\\/#organization\"},\"potentialAction\":[{\"@type\":\"SearchAction\",\"target\":{\"@type\":\"EntryPoint\",\"urlTemplate\":\"https:\\\/\\\/griebler-consulting.de\\\/?s={search_term_string}\"},\"query-input\":{\"@type\":\"PropertyValueSpecification\",\"valueRequired\":true,\"valueName\":\"search_term_string\"}}],\"inLanguage\":\"en-US\"},{\"@type\":\"Organization\",\"@id\":\"https:\\\/\\\/griebler-consulting.de\\\/#organization\",\"name\":\"Griebler Consulting\",\"url\":\"https:\\\/\\\/griebler-consulting.de\\\/\",\"logo\":{\"@type\":\"ImageObject\",\"inLanguage\":\"en-US\",\"@id\":\"https:\\\/\\\/griebler-consulting.de\\\/#\\\/schema\\\/logo\\\/image\\\/\",\"url\":\"https:\\\/\\\/griebler-consulting.de\\\/wp-content\\\/uploads\\\/2025\\\/01\\\/logo.jpg\",\"contentUrl\":\"https:\\\/\\\/griebler-consulting.de\\\/wp-content\\\/uploads\\\/2025\\\/01\\\/logo.jpg\",\"width\":542,\"height\":449,\"caption\":\"Griebler Consulting\"},\"image\":{\"@id\":\"https:\\\/\\\/griebler-consulting.de\\\/#\\\/schema\\\/logo\\\/image\\\/\"}}]}<\/script>\n<!-- \/ Yoast SEO plugin. -->","yoast_head_json":{"title":"Profil - Griebler Consulting","robots":{"index":"index","follow":"follow","max-snippet":"max-snippet:-1","max-image-preview":"max-image-preview:large","max-video-preview":"max-video-preview:-1"},"canonical":"https:\/\/griebler-consulting.de\/en\/profil\/","og_locale":"en_US","og_type":"article","og_title":"Profil - Griebler Consulting","og_description":"Griebler-Consulting Interim ManagementOrganisationsberatungCoaching Manfred Griebler Traminerweg 676887 Bad Bergzabern Manfred Griebler Jahrgang 1961 Die beruflichen Erfahrungen und Kompetenzen kommen aus meinen T\u00e4tigkeiten bei Familienunternehmen, mittelst\u00e4ndigen Unternehmen bis hin zu internationalen Gro\u00dfkonzernen (Firmengr\u00f6\u00dfe &lt; 10 Mitarbeiter bis Firmengr\u00f6\u00dfe &gt; 50.000 Mitarbeiter), in den Bereichen: Gesch\u00e4ftsf\u00fchrung Prozessoptimierung Projekt-Management Eskalationsmanagement Automotive-Interior \/ Exterior Entwicklung \/ Engineering Produktion-JIS \/ [&hellip;]","og_url":"https:\/\/griebler-consulting.de\/en\/profil\/","og_site_name":"Griebler Consulting","article_modified_time":"2025-05-11T14:12:32+00:00","og_image":[{"width":810,"height":270,"url":"https:\/\/griebler-consulting.de\/wp-content\/uploads\/2025\/01\/site_cover_2.png","type":"image\/png"}],"twitter_card":"summary_large_image","schema":{"@context":"https:\/\/schema.org","@graph":[{"@type":"WebPage","@id":"https:\/\/griebler-consulting.de\/profil\/","url":"https:\/\/griebler-consulting.de\/profil\/","name":"Profil - Griebler Consulting","isPartOf":{"@id":"https:\/\/griebler-consulting.de\/#website"},"primaryImageOfPage":{"@id":"https:\/\/griebler-consulting.de\/profil\/#primaryimage"},"image":{"@id":"https:\/\/griebler-consulting.de\/profil\/#primaryimage"},"thumbnailUrl":"https:\/\/griebler-consulting.de\/wp-content\/uploads\/2025\/01\/site_cover_2.png","datePublished":"2024-12-29T20:52:51+00:00","dateModified":"2025-05-11T14:12:32+00:00","breadcrumb":{"@id":"https:\/\/griebler-consulting.de\/profil\/#breadcrumb"},"inLanguage":"en-US","potentialAction":[{"@type":"ReadAction","target":["https:\/\/griebler-consulting.de\/profil\/"]}]},{"@type":"ImageObject","inLanguage":"en-US","@id":"https:\/\/griebler-consulting.de\/profil\/#primaryimage","url":"https:\/\/griebler-consulting.de\/wp-content\/uploads\/2025\/01\/site_cover_2.png","contentUrl":"https:\/\/griebler-consulting.de\/wp-content\/uploads\/2025\/01\/site_cover_2.png"},{"@type":"BreadcrumbList","@id":"https:\/\/griebler-consulting.de\/profil\/#breadcrumb","itemListElement":[{"@type":"ListItem","position":1,"name":"Startseite","item":"https:\/\/griebler-consulting.de\/"},{"@type":"ListItem","position":2,"name":"Profil"}]},{"@type":"WebSite","@id":"https:\/\/griebler-consulting.de\/#website","url":"https:\/\/griebler-consulting.de\/","name":"Griebler Consulting","description":"","publisher":{"@id":"https:\/\/griebler-consulting.de\/#organization"},"potentialAction":[{"@type":"SearchAction","target":{"@type":"EntryPoint","urlTemplate":"https:\/\/griebler-consulting.de\/?s={search_term_string}"},"query-input":{"@type":"PropertyValueSpecification","valueRequired":true,"valueName":"search_term_string"}}],"inLanguage":"en-US"},{"@type":"Organization","@id":"https:\/\/griebler-consulting.de\/#organization","name":"Griebler Consulting","url":"https:\/\/griebler-consulting.de\/","logo":{"@type":"ImageObject","inLanguage":"en-US","@id":"https:\/\/griebler-consulting.de\/#\/schema\/logo\/image\/","url":"https:\/\/griebler-consulting.de\/wp-content\/uploads\/2025\/01\/logo.jpg","contentUrl":"https:\/\/griebler-consulting.de\/wp-content\/uploads\/2025\/01\/logo.jpg","width":542,"height":449,"caption":"Griebler Consulting"},"image":{"@id":"https:\/\/griebler-consulting.de\/#\/schema\/logo\/image\/"}}]}},"_links":{"self":[{"href":"https:\/\/griebler-consulting.de\/en\/wp-json\/wp\/v2\/pages\/178","targetHints":{"allow":["GET"]}}],"collection":[{"href":"https:\/\/griebler-consulting.de\/en\/wp-json\/wp\/v2\/pages"}],"about":[{"href":"https:\/\/griebler-consulting.de\/en\/wp-json\/wp\/v2\/types\/page"}],"author":[{"embeddable":true,"href":"https:\/\/griebler-consulting.de\/en\/wp-json\/wp\/v2\/users\/1"}],"replies":[{"embeddable":true,"href":"https:\/\/griebler-consulting.de\/en\/wp-json\/wp\/v2\/comments?post=178"}],"version-history":[{"count":6,"href":"https:\/\/griebler-consulting.de\/en\/wp-json\/wp\/v2\/pages\/178\/revisions"}],"predecessor-version":[{"id":1035,"href":"https:\/\/griebler-consulting.de\/en\/wp-json\/wp\/v2\/pages\/178\/revisions\/1035"}],"wp:attachment":[{"href":"https:\/\/griebler-consulting.de\/en\/wp-json\/wp\/v2\/media?parent=178"}],"curies":[{"name":"wp","href":"https:\/\/api.w.org\/{rel}","templated":true}]}}