{"id":182,"date":"2024-12-29T20:54:20","date_gmt":"2024-12-29T20:54:20","guid":{"rendered":"https:\/\/griebler-consulting.de\/?page_id=182"},"modified":"2025-05-11T14:14:05","modified_gmt":"2025-05-11T14:14:05","slug":"coaching","status":"publish","type":"page","link":"https:\/\/griebler-consulting.de\/en\/coaching\/","title":{"rendered":"Coaching"},"content":{"rendered":"<div data-elementor-type=\"wp-page\" data-elementor-id=\"182\" class=\"elementor elementor-182\">\n\t\t\t\t<div class=\"elementor-element elementor-element-22d3b86 e-flex e-con-boxed e-con e-parent\" data-id=\"22d3b86\" data-element_type=\"container\" data-e-type=\"container\" data-settings=\"{&quot;background_background&quot;:&quot;classic&quot;}\">\n\t\t\t\t\t<div class=\"e-con-inner\">\n\t\t<div class=\"elementor-element elementor-element-5ec60d2 e-con-full e-flex e-con e-child\" data-id=\"5ec60d2\" data-element_type=\"container\" data-e-type=\"container\" data-settings=\"{&quot;background_background&quot;:&quot;classic&quot;}\">\n\t\t\t\t<div class=\"elementor-element elementor-element-0a58dc5 elementor-widget elementor-widget-image\" data-id=\"0a58dc5\" data-element_type=\"widget\" data-e-type=\"widget\" data-widget_type=\"image.default\">\n\t\t\t\t<div class=\"elementor-widget-container\">\n\t\t\t\t\t\t\t\t\t\t\t\t\t\t\t<img fetchpriority=\"high\" decoding=\"async\" width=\"810\" height=\"270\" src=\"https:\/\/griebler-consulting.de\/wp-content\/uploads\/2025\/01\/site_cover_3.png\" class=\"attachment-large size-large wp-image-543\" alt=\"\" srcset=\"https:\/\/griebler-consulting.de\/wp-content\/uploads\/2025\/01\/site_cover_3.png 810w, https:\/\/griebler-consulting.de\/wp-content\/uploads\/2025\/01\/site_cover_3-300x100.png 300w, https:\/\/griebler-consulting.de\/wp-content\/uploads\/2025\/01\/site_cover_3-768x256.png 768w, https:\/\/griebler-consulting.de\/wp-content\/uploads\/2025\/01\/site_cover_3-18x6.png 18w\" sizes=\"(max-width: 810px) 100vw, 810px\" \/>\t\t\t\t\t\t\t\t\t\t\t\t\t\t\t<\/div>\n\t\t\t\t<\/div>\n\t\t\t\t<div class=\"elementor-element elementor-element-02affb0 elementor-widget elementor-widget-spacer\" data-id=\"02affb0\" data-element_type=\"widget\" data-e-type=\"widget\" data-widget_type=\"spacer.default\">\n\t\t\t\t<div class=\"elementor-widget-container\">\n\t\t\t\t\t\t\t<div class=\"elementor-spacer\">\n\t\t\t<div class=\"elementor-spacer-inner\"><\/div>\n\t\t<\/div>\n\t\t\t\t\t\t<\/div>\n\t\t\t\t<\/div>\n\t\t\t\t<\/div>\n\t\t<div class=\"elementor-element elementor-element-cd16fe8 e-con-full e-flex e-con e-child\" data-id=\"cd16fe8\" data-element_type=\"container\" data-e-type=\"container\">\n\t\t<div class=\"elementor-element elementor-element-b0146e8 e-con-full e-flex e-con e-child\" data-id=\"b0146e8\" data-element_type=\"container\" data-e-type=\"container\">\n\t\t<div class=\"elementor-element elementor-element-3f7596b e-con-full e-flex e-con e-child\" data-id=\"3f7596b\" data-element_type=\"container\" data-e-type=\"container\">\n\t\t\t\t<div class=\"elementor-element elementor-element-49e276f elementor-widget elementor-widget-heading\" data-id=\"49e276f\" data-element_type=\"widget\" data-e-type=\"widget\" data-widget_type=\"heading.default\">\n\t\t\t\t<div class=\"elementor-widget-container\">\n\t\t\t\t\t<h2 class=\"elementor-heading-title elementor-size-default\">Griebler-Consulting<\/h2>\t\t\t\t<\/div>\n\t\t\t\t<\/div>\n\t\t\t\t<div class=\"elementor-element elementor-element-a13a8c5 elementor-widget elementor-widget-text-editor\" data-id=\"a13a8c5\" data-element_type=\"widget\" data-e-type=\"widget\" data-widget_type=\"text-editor.default\">\n\t\t\t\t<div class=\"elementor-widget-container\">\n\t\t\t\t\t\t\t\t\t<div><p class=\"bodytext\">Interim Management<br \/>Organisation Consulting<br \/>Coaching<\/p><p class=\"bodytext\">Manfred Griebler<\/p><p class=\"bodytext\">Traminerweg 6<br \/>D-76887 Bad Bergzabern<\/p><p class=\"bodytext\">+&#52;&#x39;&#x20;1&#55;&#x36;&#x20;5&#53;&#32;&#x32;&#x31; &#48;&#x34;&#x20;3&#52;<\/p><\/div>\t\t\t\t\t\t\t\t<\/div>\n\t\t\t\t<\/div>\n\t\t\t\t<\/div>\n\t\t<div class=\"elementor-element elementor-element-e2f0ae2 e-con-full e-flex e-con e-child\" data-id=\"e2f0ae2\" data-element_type=\"container\" data-e-type=\"container\">\n\t\t\t\t<div class=\"elementor-element elementor-element-da59981 elementor-widget elementor-widget-text-editor\" data-id=\"da59981\" data-element_type=\"widget\" data-e-type=\"widget\" data-widget_type=\"text-editor.default\">\n\t\t\t\t<div class=\"elementor-widget-container\">\n\t\t\t\t\t\t\t\t\t<p class=\"bodytext\">I offer individual coaching for people who are exposed to high levels of stress in their work and support them in their daily work.<\/p>\t\t\t\t\t\t\t\t<\/div>\n\t\t\t\t<\/div>\n\t\t\t\t<div class=\"elementor-element elementor-element-0c53632 elementor-widget-divider--view-line elementor-widget elementor-widget-divider\" data-id=\"0c53632\" data-element_type=\"widget\" data-e-type=\"widget\" data-widget_type=\"divider.default\">\n\t\t\t\t<div class=\"elementor-widget-container\">\n\t\t\t\t\t\t\t<div class=\"elementor-divider\">\n\t\t\t<span class=\"elementor-divider-separator\">\n\t\t\t\t\t\t<\/span>\n\t\t<\/div>\n\t\t\t\t\t\t<\/div>\n\t\t\t\t<\/div>\n\t\t\t\t<div class=\"elementor-element elementor-element-40c43fe elementor-widget elementor-widget-text-editor\" data-id=\"40c43fe\" data-element_type=\"widget\" data-e-type=\"widget\" data-widget_type=\"text-editor.default\">\n\t\t\t\t<div class=\"elementor-widget-container\">\n\t\t\t\t\t\t\t\t\t<p class=\"bodytext\">The aim of this individual coaching is to support people in recognizing the cause. Because when something is recognized, it can also change.<\/p>\t\t\t\t\t\t\t\t<\/div>\n\t\t\t\t<\/div>\n\t\t\t\t<div class=\"elementor-element elementor-element-a400157 elementor-widget-divider--view-line elementor-widget elementor-widget-divider\" data-id=\"a400157\" data-element_type=\"widget\" data-e-type=\"widget\" data-widget_type=\"divider.default\">\n\t\t\t\t<div class=\"elementor-widget-container\">\n\t\t\t\t\t\t\t<div class=\"elementor-divider\">\n\t\t\t<span class=\"elementor-divider-separator\">\n\t\t\t\t\t\t<\/span>\n\t\t<\/div>\n\t\t\t\t\t\t<\/div>\n\t\t\t\t<\/div>\n\t\t\t\t<div class=\"elementor-element elementor-element-3887900 elementor-widget elementor-widget-text-editor\" data-id=\"3887900\" data-element_type=\"widget\" data-e-type=\"widget\" data-widget_type=\"text-editor.default\">\n\t\t\t\t<div class=\"elementor-widget-container\">\n\t\t\t\t\t\t\t\t\t<p class=\"bodytext\">Further content and procedures for individual coaching will be discussed with you personally.<\/p>\t\t\t\t\t\t\t\t<\/div>\n\t\t\t\t<\/div>\n\t\t\t\t<div class=\"elementor-element elementor-element-89fda2b elementor-widget-divider--view-line elementor-widget elementor-widget-divider\" data-id=\"89fda2b\" data-element_type=\"widget\" data-e-type=\"widget\" data-widget_type=\"divider.default\">\n\t\t\t\t<div class=\"elementor-widget-container\">\n\t\t\t\t\t\t\t<div class=\"elementor-divider\">\n\t\t\t<span class=\"elementor-divider-separator\">\n\t\t\t\t\t\t<\/span>\n\t\t<\/div>\n\t\t\t\t\t\t<\/div>\n\t\t\t\t<\/div>\n\t\t\t\t<\/div>\n\t\t\t\t<\/div>\n\t\t\t\t<\/div>\n\t\t\t\t\t<\/div>\n\t\t\t\t<\/div>\n\t\t\t\t<\/div>","protected":false},"excerpt":{"rendered":"<p>Griebler-Consulting Interim ManagementOrganisationsberatungCoaching Manfred Griebler Traminerweg 676887 Bad Bergzabern F\u00fcr Menschen die in ihren T\u00e4tigkeiten hohen Belastungen ausgesetzt sind, biete ich Einzelcoaching an und begleite diese in ihrer t\u00e4glichen Arbeit. Ziel in diesem Einzelcoaching ist es, den Menschen bei der Erkennung der Ursache zu unterst\u00fctzen. Denn wenn etwas erkannt ist, kann Es sich auch ver\u00e4ndern. [&hellip;]<\/p>\n","protected":false},"author":1,"featured_media":0,"parent":0,"menu_order":0,"comment_status":"closed","ping_status":"closed","template":"","meta":{"_acf_changed":false,"ocean_post_layout":"","ocean_both_sidebars_style":"","ocean_both_sidebars_content_width":0,"ocean_both_sidebars_sidebars_width":0,"ocean_sidebar":"","ocean_second_sidebar":"","ocean_disable_margins":"enable","ocean_add_body_class":"","ocean_shortcode_before_top_bar":"","ocean_shortcode_after_top_bar":"","ocean_shortcode_before_header":"","ocean_shortcode_after_header":"","ocean_has_shortcode":"","ocean_shortcode_after_title":"","ocean_shortcode_before_footer_widgets":"","ocean_shortcode_after_footer_widgets":"","ocean_shortcode_before_footer_bottom":"","ocean_shortcode_after_footer_bottom":"","ocean_display_top_bar":"default","ocean_display_header":"default","ocean_header_style":"","ocean_center_header_left_menu":"","ocean_custom_header_template":"","ocean_custom_logo":0,"ocean_custom_retina_logo":0,"ocean_custom_logo_max_width":0,"ocean_custom_logo_tablet_max_width":0,"ocean_custom_logo_mobile_max_width":0,"ocean_custom_logo_max_height":0,"ocean_custom_logo_tablet_max_height":0,"ocean_custom_logo_mobile_max_height":0,"ocean_header_custom_menu":"","ocean_menu_typo_font_family":"","ocean_menu_typo_font_subset":"","ocean_menu_typo_font_size":0,"ocean_menu_typo_font_size_tablet":0,"ocean_menu_typo_font_size_mobile":0,"ocean_menu_typo_font_size_unit":"px","ocean_menu_typo_font_weight":"","ocean_menu_typo_font_weight_tablet":"","ocean_menu_typo_font_weight_mobile":"","ocean_menu_typo_transform":"","ocean_menu_typo_transform_tablet":"","ocean_menu_typo_transform_mobile":"","ocean_menu_typo_line_height":0,"ocean_menu_typo_line_height_tablet":0,"ocean_menu_typo_line_height_mobile":0,"ocean_menu_typo_line_height_unit":"","ocean_menu_typo_spacing":0,"ocean_menu_typo_spacing_tablet":0,"ocean_menu_typo_spacing_mobile":0,"ocean_menu_typo_spacing_unit":"","ocean_menu_link_color":"","ocean_menu_link_color_hover":"","ocean_menu_link_color_active":"","ocean_menu_link_background":"","ocean_menu_link_hover_background":"","ocean_menu_link_active_background":"","ocean_menu_social_links_bg":"","ocean_menu_social_hover_links_bg":"","ocean_menu_social_links_color":"","ocean_menu_social_hover_links_color":"","ocean_disable_title":"default","ocean_disable_heading":"default","ocean_post_title":"","ocean_post_subheading":"","ocean_post_title_style":"","ocean_post_title_background_color":"","ocean_post_title_background":0,"ocean_post_title_bg_image_position":"","ocean_post_title_bg_image_attachment":"","ocean_post_title_bg_image_repeat":"","ocean_post_title_bg_image_size":"","ocean_post_title_height":0,"ocean_post_title_bg_overlay":0.5,"ocean_post_title_bg_overlay_color":"","ocean_disable_breadcrumbs":"default","ocean_breadcrumbs_color":"","ocean_breadcrumbs_separator_color":"","ocean_breadcrumbs_links_color":"","ocean_breadcrumbs_links_hover_color":"","ocean_display_footer_widgets":"default","ocean_display_footer_bottom":"default","ocean_custom_footer_template":"","footnotes":""},"class_list":["post-182","page","type-page","status-publish","hentry","entry"],"acf":[],"yoast_head":"<!-- This site is optimized with the Yoast SEO plugin v27.4 - https:\/\/yoast.com\/product\/yoast-seo-wordpress\/ -->\n<title>Coaching - Griebler Consulting<\/title>\n<meta name=\"robots\" content=\"index, follow, max-snippet:-1, max-image-preview:large, max-video-preview:-1\" \/>\n<link rel=\"canonical\" href=\"https:\/\/griebler-consulting.de\/en\/coaching\/\" \/>\n<meta property=\"og:locale\" content=\"en_US\" \/>\n<meta property=\"og:type\" content=\"article\" \/>\n<meta property=\"og:title\" content=\"Coaching - Griebler Consulting\" \/>\n<meta property=\"og:description\" content=\"Griebler-Consulting Interim ManagementOrganisationsberatungCoaching Manfred Griebler Traminerweg 676887 Bad Bergzabern F\u00fcr Menschen die in ihren T\u00e4tigkeiten hohen Belastungen ausgesetzt sind, biete ich Einzelcoaching an und begleite diese in ihrer t\u00e4glichen Arbeit. Ziel in diesem Einzelcoaching ist es, den Menschen bei der Erkennung der Ursache zu unterst\u00fctzen. Denn wenn etwas erkannt ist, kann Es sich auch ver\u00e4ndern. [&hellip;]\" \/>\n<meta property=\"og:url\" content=\"https:\/\/griebler-consulting.de\/en\/coaching\/\" \/>\n<meta property=\"og:site_name\" content=\"Griebler Consulting\" \/>\n<meta property=\"article:modified_time\" content=\"2025-05-11T14:14:05+00:00\" \/>\n<meta property=\"og:image\" content=\"https:\/\/griebler-consulting.de\/wp-content\/uploads\/2025\/01\/site_cover_3.png\" \/>\n\t<meta property=\"og:image:width\" content=\"810\" \/>\n\t<meta property=\"og:image:height\" content=\"270\" \/>\n\t<meta property=\"og:image:type\" content=\"image\/png\" \/>\n<meta name=\"twitter:card\" content=\"summary_large_image\" \/>\n<script type=\"application\/ld+json\" class=\"yoast-schema-graph\">{\"@context\":\"https:\\\/\\\/schema.org\",\"@graph\":[{\"@type\":\"WebPage\",\"@id\":\"https:\\\/\\\/griebler-consulting.de\\\/coaching\\\/\",\"url\":\"https:\\\/\\\/griebler-consulting.de\\\/coaching\\\/\",\"name\":\"Coaching - Griebler Consulting\",\"isPartOf\":{\"@id\":\"https:\\\/\\\/griebler-consulting.de\\\/#website\"},\"primaryImageOfPage\":{\"@id\":\"https:\\\/\\\/griebler-consulting.de\\\/coaching\\\/#primaryimage\"},\"image\":{\"@id\":\"https:\\\/\\\/griebler-consulting.de\\\/coaching\\\/#primaryimage\"},\"thumbnailUrl\":\"https:\\\/\\\/griebler-consulting.de\\\/wp-content\\\/uploads\\\/2025\\\/01\\\/site_cover_3.png\",\"datePublished\":\"2024-12-29T20:54:20+00:00\",\"dateModified\":\"2025-05-11T14:14:05+00:00\",\"breadcrumb\":{\"@id\":\"https:\\\/\\\/griebler-consulting.de\\\/coaching\\\/#breadcrumb\"},\"inLanguage\":\"en-US\",\"potentialAction\":[{\"@type\":\"ReadAction\",\"target\":[\"https:\\\/\\\/griebler-consulting.de\\\/coaching\\\/\"]}]},{\"@type\":\"ImageObject\",\"inLanguage\":\"en-US\",\"@id\":\"https:\\\/\\\/griebler-consulting.de\\\/coaching\\\/#primaryimage\",\"url\":\"https:\\\/\\\/griebler-consulting.de\\\/wp-content\\\/uploads\\\/2025\\\/01\\\/site_cover_3.png\",\"contentUrl\":\"https:\\\/\\\/griebler-consulting.de\\\/wp-content\\\/uploads\\\/2025\\\/01\\\/site_cover_3.png\"},{\"@type\":\"BreadcrumbList\",\"@id\":\"https:\\\/\\\/griebler-consulting.de\\\/coaching\\\/#breadcrumb\",\"itemListElement\":[{\"@type\":\"ListItem\",\"position\":1,\"name\":\"Startseite\",\"item\":\"https:\\\/\\\/griebler-consulting.de\\\/\"},{\"@type\":\"ListItem\",\"position\":2,\"name\":\"Coaching\"}]},{\"@type\":\"WebSite\",\"@id\":\"https:\\\/\\\/griebler-consulting.de\\\/#website\",\"url\":\"https:\\\/\\\/griebler-consulting.de\\\/\",\"name\":\"Griebler Consulting\",\"description\":\"\",\"publisher\":{\"@id\":\"https:\\\/\\\/griebler-consulting.de\\\/#organization\"},\"potentialAction\":[{\"@type\":\"SearchAction\",\"target\":{\"@type\":\"EntryPoint\",\"urlTemplate\":\"https:\\\/\\\/griebler-consulting.de\\\/?s={search_term_string}\"},\"query-input\":{\"@type\":\"PropertyValueSpecification\",\"valueRequired\":true,\"valueName\":\"search_term_string\"}}],\"inLanguage\":\"en-US\"},{\"@type\":\"Organization\",\"@id\":\"https:\\\/\\\/griebler-consulting.de\\\/#organization\",\"name\":\"Griebler Consulting\",\"url\":\"https:\\\/\\\/griebler-consulting.de\\\/\",\"logo\":{\"@type\":\"ImageObject\",\"inLanguage\":\"en-US\",\"@id\":\"https:\\\/\\\/griebler-consulting.de\\\/#\\\/schema\\\/logo\\\/image\\\/\",\"url\":\"https:\\\/\\\/griebler-consulting.de\\\/wp-content\\\/uploads\\\/2025\\\/01\\\/logo.jpg\",\"contentUrl\":\"https:\\\/\\\/griebler-consulting.de\\\/wp-content\\\/uploads\\\/2025\\\/01\\\/logo.jpg\",\"width\":542,\"height\":449,\"caption\":\"Griebler Consulting\"},\"image\":{\"@id\":\"https:\\\/\\\/griebler-consulting.de\\\/#\\\/schema\\\/logo\\\/image\\\/\"}}]}<\/script>\n<!-- \/ Yoast SEO plugin. -->","yoast_head_json":{"title":"Coaching - Griebler Consulting","robots":{"index":"index","follow":"follow","max-snippet":"max-snippet:-1","max-image-preview":"max-image-preview:large","max-video-preview":"max-video-preview:-1"},"canonical":"https:\/\/griebler-consulting.de\/en\/coaching\/","og_locale":"en_US","og_type":"article","og_title":"Coaching - Griebler Consulting","og_description":"Griebler-Consulting Interim ManagementOrganisationsberatungCoaching Manfred Griebler Traminerweg 676887 Bad Bergzabern F\u00fcr Menschen die in ihren T\u00e4tigkeiten hohen Belastungen ausgesetzt sind, biete ich Einzelcoaching an und begleite diese in ihrer t\u00e4glichen Arbeit. Ziel in diesem Einzelcoaching ist es, den Menschen bei der Erkennung der Ursache zu unterst\u00fctzen. Denn wenn etwas erkannt ist, kann Es sich auch ver\u00e4ndern. [&hellip;]","og_url":"https:\/\/griebler-consulting.de\/en\/coaching\/","og_site_name":"Griebler Consulting","article_modified_time":"2025-05-11T14:14:05+00:00","og_image":[{"width":810,"height":270,"url":"https:\/\/griebler-consulting.de\/wp-content\/uploads\/2025\/01\/site_cover_3.png","type":"image\/png"}],"twitter_card":"summary_large_image","schema":{"@context":"https:\/\/schema.org","@graph":[{"@type":"WebPage","@id":"https:\/\/griebler-consulting.de\/coaching\/","url":"https:\/\/griebler-consulting.de\/coaching\/","name":"Coaching - Griebler Consulting","isPartOf":{"@id":"https:\/\/griebler-consulting.de\/#website"},"primaryImageOfPage":{"@id":"https:\/\/griebler-consulting.de\/coaching\/#primaryimage"},"image":{"@id":"https:\/\/griebler-consulting.de\/coaching\/#primaryimage"},"thumbnailUrl":"https:\/\/griebler-consulting.de\/wp-content\/uploads\/2025\/01\/site_cover_3.png","datePublished":"2024-12-29T20:54:20+00:00","dateModified":"2025-05-11T14:14:05+00:00","breadcrumb":{"@id":"https:\/\/griebler-consulting.de\/coaching\/#breadcrumb"},"inLanguage":"en-US","potentialAction":[{"@type":"ReadAction","target":["https:\/\/griebler-consulting.de\/coaching\/"]}]},{"@type":"ImageObject","inLanguage":"en-US","@id":"https:\/\/griebler-consulting.de\/coaching\/#primaryimage","url":"https:\/\/griebler-consulting.de\/wp-content\/uploads\/2025\/01\/site_cover_3.png","contentUrl":"https:\/\/griebler-consulting.de\/wp-content\/uploads\/2025\/01\/site_cover_3.png"},{"@type":"BreadcrumbList","@id":"https:\/\/griebler-consulting.de\/coaching\/#breadcrumb","itemListElement":[{"@type":"ListItem","position":1,"name":"Startseite","item":"https:\/\/griebler-consulting.de\/"},{"@type":"ListItem","position":2,"name":"Coaching"}]},{"@type":"WebSite","@id":"https:\/\/griebler-consulting.de\/#website","url":"https:\/\/griebler-consulting.de\/","name":"Griebler Consulting","description":"","publisher":{"@id":"https:\/\/griebler-consulting.de\/#organization"},"potentialAction":[{"@type":"SearchAction","target":{"@type":"EntryPoint","urlTemplate":"https:\/\/griebler-consulting.de\/?s={search_term_string}"},"query-input":{"@type":"PropertyValueSpecification","valueRequired":true,"valueName":"search_term_string"}}],"inLanguage":"en-US"},{"@type":"Organization","@id":"https:\/\/griebler-consulting.de\/#organization","name":"Griebler Consulting","url":"https:\/\/griebler-consulting.de\/","logo":{"@type":"ImageObject","inLanguage":"en-US","@id":"https:\/\/griebler-consulting.de\/#\/schema\/logo\/image\/","url":"https:\/\/griebler-consulting.de\/wp-content\/uploads\/2025\/01\/logo.jpg","contentUrl":"https:\/\/griebler-consulting.de\/wp-content\/uploads\/2025\/01\/logo.jpg","width":542,"height":449,"caption":"Griebler Consulting"},"image":{"@id":"https:\/\/griebler-consulting.de\/#\/schema\/logo\/image\/"}}]}},"_links":{"self":[{"href":"https:\/\/griebler-consulting.de\/en\/wp-json\/wp\/v2\/pages\/182","targetHints":{"allow":["GET"]}}],"collection":[{"href":"https:\/\/griebler-consulting.de\/en\/wp-json\/wp\/v2\/pages"}],"about":[{"href":"https:\/\/griebler-consulting.de\/en\/wp-json\/wp\/v2\/types\/page"}],"author":[{"embeddable":true,"href":"https:\/\/griebler-consulting.de\/en\/wp-json\/wp\/v2\/users\/1"}],"replies":[{"embeddable":true,"href":"https:\/\/griebler-consulting.de\/en\/wp-json\/wp\/v2\/comments?post=182"}],"version-history":[{"count":3,"href":"https:\/\/griebler-consulting.de\/en\/wp-json\/wp\/v2\/pages\/182\/revisions"}],"predecessor-version":[{"id":1044,"href":"https:\/\/griebler-consulting.de\/en\/wp-json\/wp\/v2\/pages\/182\/revisions\/1044"}],"wp:attachment":[{"href":"https:\/\/griebler-consulting.de\/en\/wp-json\/wp\/v2\/media?parent=182"}],"curies":[{"name":"wp","href":"https:\/\/api.w.org\/{rel}","templated":true}]}}