{"id":5,"date":"2024-12-29T14:47:57","date_gmt":"2024-12-29T14:47:57","guid":{"rendered":"https:\/\/griebler-consulting.de\/welcome-to-https-griebler-consulting-de\/"},"modified":"2025-05-11T14:12:13","modified_gmt":"2025-05-11T14:12:13","slug":"unternehmen","status":"publish","type":"page","link":"https:\/\/griebler-consulting.de\/en\/","title":{"rendered":"Company"},"content":{"rendered":"<div data-elementor-type=\"wp-page\" data-elementor-id=\"5\" class=\"elementor elementor-5\">\n\t\t\t\t<div class=\"elementor-element elementor-element-29cf92d6 e-flex e-con-boxed e-con e-parent\" data-id=\"29cf92d6\" data-element_type=\"container\" data-e-type=\"container\" data-settings=\"{&quot;background_background&quot;:&quot;classic&quot;}\">\n\t\t\t\t\t<div class=\"e-con-inner\">\n\t\t<div class=\"elementor-element elementor-element-cb1af18 e-con-full e-flex e-con e-child\" data-id=\"cb1af18\" data-element_type=\"container\" data-e-type=\"container\" data-settings=\"{&quot;background_background&quot;:&quot;classic&quot;}\">\n\t\t\t\t<div class=\"elementor-element elementor-element-630793e elementor-widget elementor-widget-image\" data-id=\"630793e\" data-element_type=\"widget\" data-e-type=\"widget\" data-widget_type=\"image.default\">\n\t\t\t\t<div class=\"elementor-widget-container\">\n\t\t\t\t\t\t\t\t\t\t\t\t\t\t\t<img fetchpriority=\"high\" decoding=\"async\" width=\"810\" height=\"270\" src=\"https:\/\/griebler-consulting.de\/wp-content\/uploads\/2025\/01\/site_cover_1.png\" class=\"attachment-large size-large wp-image-542\" alt=\"\" srcset=\"https:\/\/griebler-consulting.de\/wp-content\/uploads\/2025\/01\/site_cover_1.png 810w, https:\/\/griebler-consulting.de\/wp-content\/uploads\/2025\/01\/site_cover_1-300x100.png 300w, https:\/\/griebler-consulting.de\/wp-content\/uploads\/2025\/01\/site_cover_1-768x256.png 768w, https:\/\/griebler-consulting.de\/wp-content\/uploads\/2025\/01\/site_cover_1-18x6.png 18w\" sizes=\"(max-width: 810px) 100vw, 810px\" \/>\t\t\t\t\t\t\t\t\t\t\t\t\t\t\t<\/div>\n\t\t\t\t<\/div>\n\t\t\t\t<div class=\"elementor-element elementor-element-255e577 elementor-widget elementor-widget-spacer\" data-id=\"255e577\" data-element_type=\"widget\" data-e-type=\"widget\" data-widget_type=\"spacer.default\">\n\t\t\t\t<div class=\"elementor-widget-container\">\n\t\t\t\t\t\t\t<div class=\"elementor-spacer\">\n\t\t\t<div class=\"elementor-spacer-inner\"><\/div>\n\t\t<\/div>\n\t\t\t\t\t\t<\/div>\n\t\t\t\t<\/div>\n\t\t\t\t<\/div>\n\t\t<div class=\"elementor-element elementor-element-0674be4 e-con-full e-flex e-con e-child\" data-id=\"0674be4\" data-element_type=\"container\" data-e-type=\"container\">\n\t\t<div class=\"elementor-element elementor-element-e849ad1 e-con-full e-flex e-con e-child\" data-id=\"e849ad1\" data-element_type=\"container\" data-e-type=\"container\">\n\t\t<div class=\"elementor-element elementor-element-65969e8 e-con-full e-flex e-con e-child\" data-id=\"65969e8\" data-element_type=\"container\" data-e-type=\"container\">\n\t\t\t\t<div class=\"elementor-element elementor-element-0843c5b elementor-widget elementor-widget-heading\" data-id=\"0843c5b\" data-element_type=\"widget\" data-e-type=\"widget\" data-widget_type=\"heading.default\">\n\t\t\t\t<div class=\"elementor-widget-container\">\n\t\t\t\t\t<h2 class=\"elementor-heading-title elementor-size-default\">Griebler-Consulting<\/h2>\t\t\t\t<\/div>\n\t\t\t\t<\/div>\n\t\t\t\t<div class=\"elementor-element elementor-element-68b4719 elementor-widget elementor-widget-text-editor\" data-id=\"68b4719\" data-element_type=\"widget\" data-e-type=\"widget\" data-widget_type=\"text-editor.default\">\n\t\t\t\t<div class=\"elementor-widget-container\">\n\t\t\t\t\t\t\t\t\t<div><p class=\"bodytext\">Interim Management<br \/>Organisation Consulting<br \/>Coaching<\/p><p class=\"bodytext\">Manfred Griebler<\/p><p class=\"bodytext\">Traminerweg 6<br \/>D-76887 Bad Bergzabern<\/p><p class=\"bodytext\">&#43;4&#x39; &#x31;&#55;&#x36;&#32;&#x35;&#53; &#x32;1&#x20;&#48;&#x34;&#32;&#x33;&#52;<\/p><\/div>\t\t\t\t\t\t\t\t<\/div>\n\t\t\t\t<\/div>\n\t\t\t\t<\/div>\n\t\t<div class=\"elementor-element elementor-element-3cb0acb e-con-full e-flex e-con e-child\" data-id=\"3cb0acb\" data-element_type=\"container\" data-e-type=\"container\">\n\t\t<div class=\"elementor-element elementor-element-064912c e-con-full e-flex e-con e-child\" data-id=\"064912c\" data-element_type=\"container\" data-e-type=\"container\">\n\t\t\t\t<div class=\"elementor-element elementor-element-6c0924b elementor-widget elementor-widget-heading\" data-id=\"6c0924b\" data-element_type=\"widget\" data-e-type=\"widget\" data-widget_type=\"heading.default\">\n\t\t\t\t<div class=\"elementor-widget-container\">\n\t\t\t\t\t<h2 class=\"elementor-heading-title elementor-size-default\">Welcome to Griebler-Consulting<\/h2>\t\t\t\t<\/div>\n\t\t\t\t<\/div>\n\t\t\t\t<div class=\"elementor-element elementor-element-c236e29 elementor-widget elementor-widget-heading\" data-id=\"c236e29\" data-element_type=\"widget\" data-e-type=\"widget\" data-widget_type=\"heading.default\">\n\t\t\t\t<div class=\"elementor-widget-container\">\n\t\t\t\t\t<h2 class=\"elementor-heading-title elementor-size-default\">Interim Management \/ Organisation Consulting \/ Coaching<\/h2>\t\t\t\t<\/div>\n\t\t\t\t<\/div>\n\t\t\t\t<\/div>\n\t\t\t\t<div class=\"elementor-element elementor-element-c178d06 elementor-widget-divider--view-line elementor-widget elementor-widget-divider\" data-id=\"c178d06\" data-element_type=\"widget\" data-e-type=\"widget\" data-widget_type=\"divider.default\">\n\t\t\t\t<div class=\"elementor-widget-container\">\n\t\t\t\t\t\t\t<div class=\"elementor-divider\">\n\t\t\t<span class=\"elementor-divider-separator\">\n\t\t\t\t\t\t<\/span>\n\t\t<\/div>\n\t\t\t\t\t\t<\/div>\n\t\t\t\t<\/div>\n\t\t\t\t<div class=\"elementor-element elementor-element-f77af3c elementor-widget elementor-widget-text-editor\" data-id=\"f77af3c\" data-element_type=\"widget\" data-e-type=\"widget\" data-widget_type=\"text-editor.default\">\n\t\t\t\t<div class=\"elementor-widget-container\">\n\t\t\t\t\t\t\t\t\t<p class=\"bodytext\">The nature is in a permanent process of changing, and in a quite similar way the environment and the requirements for companies and their employees change constantly.<\/p>\n<p class=\"bodytext\">All growth requires a process of change.\nProducing more of the same, e.g. an increase in production, is not growth. This is exclusively a quantitative increase of the same.<\/p>\t\t\t\t\t\t\t\t<\/div>\n\t\t\t\t<\/div>\n\t\t\t\t<div class=\"elementor-element elementor-element-e4a58c1 elementor-widget-divider--view-line elementor-widget elementor-widget-divider\" data-id=\"e4a58c1\" data-element_type=\"widget\" data-e-type=\"widget\" data-widget_type=\"divider.default\">\n\t\t\t\t<div class=\"elementor-widget-container\">\n\t\t\t\t\t\t\t<div class=\"elementor-divider\">\n\t\t\t<span class=\"elementor-divider-separator\">\n\t\t\t\t\t\t<\/span>\n\t\t<\/div>\n\t\t\t\t\t\t<\/div>\n\t\t\t\t<\/div>\n\t\t\t\t<div class=\"elementor-element elementor-element-0d46fd5 elementor-widget elementor-widget-text-editor\" data-id=\"0d46fd5\" data-element_type=\"widget\" data-e-type=\"widget\" data-widget_type=\"text-editor.default\">\n\t\t\t\t<div class=\"elementor-widget-container\">\n\t\t\t\t\t\t\t\t\t<p class=\"bodytext\">The decision is the first step in realizing a change.\u00a0<\/p><p class=\"bodytext\">The preparation until a decision is made is not yet a change, it is just a collecting of possibilities and criteria that are necessary to take a decision.\u00a0<\/p><p class=\"bodytext\">It depends thus highly on the quality of the preparation, whether a positive or a negative decision is taken in order to introduce a possible change.<\/p>\t\t\t\t\t\t\t\t<\/div>\n\t\t\t\t<\/div>\n\t\t\t\t<div class=\"elementor-element elementor-element-1e70d21 elementor-widget-divider--view-line elementor-widget elementor-widget-divider\" data-id=\"1e70d21\" data-element_type=\"widget\" data-e-type=\"widget\" data-widget_type=\"divider.default\">\n\t\t\t\t<div class=\"elementor-widget-container\">\n\t\t\t\t\t\t\t<div class=\"elementor-divider\">\n\t\t\t<span class=\"elementor-divider-separator\">\n\t\t\t\t\t\t<\/span>\n\t\t<\/div>\n\t\t\t\t\t\t<\/div>\n\t\t\t\t<\/div>\n\t\t\t\t<div class=\"elementor-element elementor-element-a5888c3 elementor-widget elementor-widget-text-editor\" data-id=\"a5888c3\" data-element_type=\"widget\" data-e-type=\"widget\" data-widget_type=\"text-editor.default\">\n\t\t\t\t<div class=\"elementor-widget-container\">\n\t\t\t\t\t\t\t\t\t<p class=\"bodytext\">The second step is the realization or rather implementation of the change.<\/p><p class=\"bodytext\">This also shows that qualitative preparation is necessary in order to implement this change sustainably in all areas and also to create and maintain trust among all those involved in this change process.<\/p><p class=\"bodytext\">Concerning this context of change, I support companies in the preparation of decision-papers (for changes) and in the following implementation of these in the daily work.<\/p>\t\t\t\t\t\t\t\t<\/div>\n\t\t\t\t<\/div>\n\t\t\t\t<div class=\"elementor-element elementor-element-8ea3cde elementor-widget-divider--view-line elementor-widget elementor-widget-divider\" data-id=\"8ea3cde\" data-element_type=\"widget\" data-e-type=\"widget\" data-widget_type=\"divider.default\">\n\t\t\t\t<div class=\"elementor-widget-container\">\n\t\t\t\t\t\t\t<div class=\"elementor-divider\">\n\t\t\t<span class=\"elementor-divider-separator\">\n\t\t\t\t\t\t<\/span>\n\t\t<\/div>\n\t\t\t\t\t\t<\/div>\n\t\t\t\t<\/div>\n\t\t\t\t<div class=\"elementor-element elementor-element-f0c1e9f elementor-widget elementor-widget-text-editor\" data-id=\"f0c1e9f\" data-element_type=\"widget\" data-e-type=\"widget\" data-widget_type=\"text-editor.default\">\n\t\t\t\t<div class=\"elementor-widget-container\">\n\t\t\t\t\t\t\t\t\t<p class=\"bodytext\">During the implementation-phase I am available for taking over management-responsibility until an appropriated personal solution is found or rather get used.<\/p>\t\t\t\t\t\t\t\t<\/div>\n\t\t\t\t<\/div>\n\t\t\t\t<div class=\"elementor-element elementor-element-5147bb1 elementor-widget-divider--view-line elementor-widget elementor-widget-divider\" data-id=\"5147bb1\" data-element_type=\"widget\" data-e-type=\"widget\" data-widget_type=\"divider.default\">\n\t\t\t\t<div class=\"elementor-widget-container\">\n\t\t\t\t\t\t\t<div class=\"elementor-divider\">\n\t\t\t<span class=\"elementor-divider-separator\">\n\t\t\t\t\t\t<\/span>\n\t\t<\/div>\n\t\t\t\t\t\t<\/div>\n\t\t\t\t<\/div>\n\t\t\t\t<\/div>\n\t\t\t\t<\/div>\n\t\t\t\t<\/div>\n\t\t\t\t\t<\/div>\n\t\t\t\t<\/div>\n\t\t\t\t<\/div>","protected":false},"excerpt":{"rendered":"<p>Griebler-Consulting Interim ManagementOrganisationsberatungCoaching Manfred Griebler Traminerweg 676887 Bad Bergzabern Herzlich Willkommen bei Griebler-Consulting Interim Management \/ Organisationsberatung \/ Coaching So wie sich die Natur st\u00e4ndig ver\u00e4ndert, so ver\u00e4ndert sich auch st\u00e4ndig das Umfeld und die Anforderungen an Unternehmen und an ihre Mitarbeiter. Jedes Wachstum setzt einen Ver\u00e4nderungsprozess voraus. Das mehr erzeugen von Gleichem z.B. eine [&hellip;]<\/p>\n","protected":false},"author":1,"featured_media":0,"parent":0,"menu_order":0,"comment_status":"closed","ping_status":"closed","template":"","meta":{"_acf_changed":false,"ocean_post_layout":"","ocean_both_sidebars_style":"","ocean_both_sidebars_content_width":0,"ocean_both_sidebars_sidebars_width":0,"ocean_sidebar":"","ocean_second_sidebar":"","ocean_disable_margins":"enable","ocean_add_body_class":"","ocean_shortcode_before_top_bar":"","ocean_shortcode_after_top_bar":"","ocean_shortcode_before_header":"","ocean_shortcode_after_header":"","ocean_has_shortcode":"","ocean_shortcode_after_title":"","ocean_shortcode_before_footer_widgets":"","ocean_shortcode_after_footer_widgets":"","ocean_shortcode_before_footer_bottom":"","ocean_shortcode_after_footer_bottom":"","ocean_display_top_bar":"default","ocean_display_header":"default","ocean_header_style":"","ocean_center_header_left_menu":"","ocean_custom_header_template":"","ocean_custom_logo":0,"ocean_custom_retina_logo":0,"ocean_custom_logo_max_width":0,"ocean_custom_logo_tablet_max_width":0,"ocean_custom_logo_mobile_max_width":0,"ocean_custom_logo_max_height":0,"ocean_custom_logo_tablet_max_height":0,"ocean_custom_logo_mobile_max_height":0,"ocean_header_custom_menu":"","ocean_menu_typo_font_family":"","ocean_menu_typo_font_subset":"","ocean_menu_typo_font_size":0,"ocean_menu_typo_font_size_tablet":0,"ocean_menu_typo_font_size_mobile":0,"ocean_menu_typo_font_size_unit":"px","ocean_menu_typo_font_weight":"","ocean_menu_typo_font_weight_tablet":"","ocean_menu_typo_font_weight_mobile":"","ocean_menu_typo_transform":"","ocean_menu_typo_transform_tablet":"","ocean_menu_typo_transform_mobile":"","ocean_menu_typo_line_height":0,"ocean_menu_typo_line_height_tablet":0,"ocean_menu_typo_line_height_mobile":0,"ocean_menu_typo_line_height_unit":"","ocean_menu_typo_spacing":0,"ocean_menu_typo_spacing_tablet":0,"ocean_menu_typo_spacing_mobile":0,"ocean_menu_typo_spacing_unit":"","ocean_menu_link_color":"","ocean_menu_link_color_hover":"","ocean_menu_link_color_active":"","ocean_menu_link_background":"","ocean_menu_link_hover_background":"","ocean_menu_link_active_background":"","ocean_menu_social_links_bg":"","ocean_menu_social_hover_links_bg":"","ocean_menu_social_links_color":"","ocean_menu_social_hover_links_color":"","ocean_disable_title":"default","ocean_disable_heading":"default","ocean_post_title":"","ocean_post_subheading":"","ocean_post_title_style":"","ocean_post_title_background_color":"","ocean_post_title_background":0,"ocean_post_title_bg_image_position":"","ocean_post_title_bg_image_attachment":"","ocean_post_title_bg_image_repeat":"","ocean_post_title_bg_image_size":"","ocean_post_title_height":0,"ocean_post_title_bg_overlay":0.5,"ocean_post_title_bg_overlay_color":"","ocean_disable_breadcrumbs":"default","ocean_breadcrumbs_color":"","ocean_breadcrumbs_separator_color":"","ocean_breadcrumbs_links_color":"","ocean_breadcrumbs_links_hover_color":"","ocean_display_footer_widgets":"default","ocean_display_footer_bottom":"default","ocean_custom_footer_template":"","footnotes":""},"class_list":["post-5","page","type-page","status-publish","hentry","entry"],"acf":[],"yoast_head":"<!-- This site is optimized with the Yoast SEO plugin v27.3 - https:\/\/yoast.com\/product\/yoast-seo-wordpress\/ -->\n<title>Unternehmen - Griebler Consulting<\/title>\n<meta name=\"robots\" content=\"index, follow, max-snippet:-1, max-image-preview:large, max-video-preview:-1\" \/>\n<link rel=\"canonical\" href=\"https:\/\/griebler-consulting.de\/en\/\" \/>\n<meta property=\"og:locale\" content=\"en_US\" \/>\n<meta property=\"og:type\" content=\"article\" \/>\n<meta property=\"og:title\" content=\"Unternehmen - Griebler Consulting\" \/>\n<meta property=\"og:description\" content=\"Griebler-Consulting Interim ManagementOrganisationsberatungCoaching Manfred Griebler Traminerweg 676887 Bad Bergzabern Herzlich Willkommen bei Griebler-Consulting Interim Management \/ Organisationsberatung \/ Coaching So wie sich die Natur st\u00e4ndig ver\u00e4ndert, so ver\u00e4ndert sich auch st\u00e4ndig das Umfeld und die Anforderungen an Unternehmen und an ihre Mitarbeiter. Jedes Wachstum setzt einen Ver\u00e4nderungsprozess voraus. Das mehr erzeugen von Gleichem z.B. eine [&hellip;]\" \/>\n<meta property=\"og:url\" content=\"https:\/\/griebler-consulting.de\/en\/\" \/>\n<meta property=\"og:site_name\" content=\"Griebler Consulting\" \/>\n<meta property=\"article:modified_time\" content=\"2025-05-11T14:12:13+00:00\" \/>\n<meta property=\"og:image\" content=\"https:\/\/griebler-consulting.de\/wp-content\/uploads\/2025\/01\/site_cover_1.png\" \/>\n\t<meta property=\"og:image:width\" content=\"810\" \/>\n\t<meta property=\"og:image:height\" content=\"270\" \/>\n\t<meta property=\"og:image:type\" content=\"image\/png\" \/>\n<meta name=\"twitter:card\" content=\"summary_large_image\" \/>\n<meta name=\"twitter:label1\" content=\"Est. reading time\" \/>\n\t<meta name=\"twitter:data1\" content=\"1 minute\" \/>\n<script type=\"application\/ld+json\" class=\"yoast-schema-graph\">{\"@context\":\"https:\\\/\\\/schema.org\",\"@graph\":[{\"@type\":\"WebPage\",\"@id\":\"https:\\\/\\\/griebler-consulting.de\\\/\",\"url\":\"https:\\\/\\\/griebler-consulting.de\\\/\",\"name\":\"Unternehmen - Griebler Consulting\",\"isPartOf\":{\"@id\":\"https:\\\/\\\/griebler-consulting.de\\\/#website\"},\"primaryImageOfPage\":{\"@id\":\"https:\\\/\\\/griebler-consulting.de\\\/#primaryimage\"},\"image\":{\"@id\":\"https:\\\/\\\/griebler-consulting.de\\\/#primaryimage\"},\"thumbnailUrl\":\"https:\\\/\\\/griebler-consulting.de\\\/wp-content\\\/uploads\\\/2025\\\/01\\\/site_cover_1.png\",\"datePublished\":\"2024-12-29T14:47:57+00:00\",\"dateModified\":\"2025-05-11T14:12:13+00:00\",\"breadcrumb\":{\"@id\":\"https:\\\/\\\/griebler-consulting.de\\\/#breadcrumb\"},\"inLanguage\":\"en-US\",\"potentialAction\":[{\"@type\":\"ReadAction\",\"target\":[\"https:\\\/\\\/griebler-consulting.de\\\/\"]}]},{\"@type\":\"ImageObject\",\"inLanguage\":\"en-US\",\"@id\":\"https:\\\/\\\/griebler-consulting.de\\\/#primaryimage\",\"url\":\"https:\\\/\\\/griebler-consulting.de\\\/wp-content\\\/uploads\\\/2025\\\/01\\\/site_cover_1.png\",\"contentUrl\":\"https:\\\/\\\/griebler-consulting.de\\\/wp-content\\\/uploads\\\/2025\\\/01\\\/site_cover_1.png\"},{\"@type\":\"BreadcrumbList\",\"@id\":\"https:\\\/\\\/griebler-consulting.de\\\/#breadcrumb\",\"itemListElement\":[{\"@type\":\"ListItem\",\"position\":1,\"name\":\"Startseite\",\"item\":\"https:\\\/\\\/griebler-consulting.de\\\/\"},{\"@type\":\"ListItem\",\"position\":2,\"name\":\"Unternehmen\"}]},{\"@type\":\"WebSite\",\"@id\":\"https:\\\/\\\/griebler-consulting.de\\\/#website\",\"url\":\"https:\\\/\\\/griebler-consulting.de\\\/\",\"name\":\"Griebler Consulting\",\"description\":\"\",\"publisher\":{\"@id\":\"https:\\\/\\\/griebler-consulting.de\\\/#organization\"},\"potentialAction\":[{\"@type\":\"SearchAction\",\"target\":{\"@type\":\"EntryPoint\",\"urlTemplate\":\"https:\\\/\\\/griebler-consulting.de\\\/?s={search_term_string}\"},\"query-input\":{\"@type\":\"PropertyValueSpecification\",\"valueRequired\":true,\"valueName\":\"search_term_string\"}}],\"inLanguage\":\"en-US\"},{\"@type\":\"Organization\",\"@id\":\"https:\\\/\\\/griebler-consulting.de\\\/#organization\",\"name\":\"Griebler Consulting\",\"url\":\"https:\\\/\\\/griebler-consulting.de\\\/\",\"logo\":{\"@type\":\"ImageObject\",\"inLanguage\":\"en-US\",\"@id\":\"https:\\\/\\\/griebler-consulting.de\\\/#\\\/schema\\\/logo\\\/image\\\/\",\"url\":\"https:\\\/\\\/griebler-consulting.de\\\/wp-content\\\/uploads\\\/2025\\\/01\\\/logo.jpg\",\"contentUrl\":\"https:\\\/\\\/griebler-consulting.de\\\/wp-content\\\/uploads\\\/2025\\\/01\\\/logo.jpg\",\"width\":542,\"height\":449,\"caption\":\"Griebler Consulting\"},\"image\":{\"@id\":\"https:\\\/\\\/griebler-consulting.de\\\/#\\\/schema\\\/logo\\\/image\\\/\"}}]}<\/script>\n<!-- \/ Yoast SEO plugin. -->","yoast_head_json":{"title":"Unternehmen - Griebler Consulting","robots":{"index":"index","follow":"follow","max-snippet":"max-snippet:-1","max-image-preview":"max-image-preview:large","max-video-preview":"max-video-preview:-1"},"canonical":"https:\/\/griebler-consulting.de\/en\/","og_locale":"en_US","og_type":"article","og_title":"Unternehmen - Griebler Consulting","og_description":"Griebler-Consulting Interim ManagementOrganisationsberatungCoaching Manfred Griebler Traminerweg 676887 Bad Bergzabern Herzlich Willkommen bei Griebler-Consulting Interim Management \/ Organisationsberatung \/ Coaching So wie sich die Natur st\u00e4ndig ver\u00e4ndert, so ver\u00e4ndert sich auch st\u00e4ndig das Umfeld und die Anforderungen an Unternehmen und an ihre Mitarbeiter. Jedes Wachstum setzt einen Ver\u00e4nderungsprozess voraus. Das mehr erzeugen von Gleichem z.B. eine [&hellip;]","og_url":"https:\/\/griebler-consulting.de\/en\/","og_site_name":"Griebler Consulting","article_modified_time":"2025-05-11T14:12:13+00:00","og_image":[{"width":810,"height":270,"url":"https:\/\/griebler-consulting.de\/wp-content\/uploads\/2025\/01\/site_cover_1.png","type":"image\/png"}],"twitter_card":"summary_large_image","twitter_misc":{"Est. reading time":"1 minute"},"schema":{"@context":"https:\/\/schema.org","@graph":[{"@type":"WebPage","@id":"https:\/\/griebler-consulting.de\/","url":"https:\/\/griebler-consulting.de\/","name":"Unternehmen - Griebler Consulting","isPartOf":{"@id":"https:\/\/griebler-consulting.de\/#website"},"primaryImageOfPage":{"@id":"https:\/\/griebler-consulting.de\/#primaryimage"},"image":{"@id":"https:\/\/griebler-consulting.de\/#primaryimage"},"thumbnailUrl":"https:\/\/griebler-consulting.de\/wp-content\/uploads\/2025\/01\/site_cover_1.png","datePublished":"2024-12-29T14:47:57+00:00","dateModified":"2025-05-11T14:12:13+00:00","breadcrumb":{"@id":"https:\/\/griebler-consulting.de\/#breadcrumb"},"inLanguage":"en-US","potentialAction":[{"@type":"ReadAction","target":["https:\/\/griebler-consulting.de\/"]}]},{"@type":"ImageObject","inLanguage":"en-US","@id":"https:\/\/griebler-consulting.de\/#primaryimage","url":"https:\/\/griebler-consulting.de\/wp-content\/uploads\/2025\/01\/site_cover_1.png","contentUrl":"https:\/\/griebler-consulting.de\/wp-content\/uploads\/2025\/01\/site_cover_1.png"},{"@type":"BreadcrumbList","@id":"https:\/\/griebler-consulting.de\/#breadcrumb","itemListElement":[{"@type":"ListItem","position":1,"name":"Startseite","item":"https:\/\/griebler-consulting.de\/"},{"@type":"ListItem","position":2,"name":"Unternehmen"}]},{"@type":"WebSite","@id":"https:\/\/griebler-consulting.de\/#website","url":"https:\/\/griebler-consulting.de\/","name":"Griebler Consulting","description":"","publisher":{"@id":"https:\/\/griebler-consulting.de\/#organization"},"potentialAction":[{"@type":"SearchAction","target":{"@type":"EntryPoint","urlTemplate":"https:\/\/griebler-consulting.de\/?s={search_term_string}"},"query-input":{"@type":"PropertyValueSpecification","valueRequired":true,"valueName":"search_term_string"}}],"inLanguage":"en-US"},{"@type":"Organization","@id":"https:\/\/griebler-consulting.de\/#organization","name":"Griebler Consulting","url":"https:\/\/griebler-consulting.de\/","logo":{"@type":"ImageObject","inLanguage":"en-US","@id":"https:\/\/griebler-consulting.de\/#\/schema\/logo\/image\/","url":"https:\/\/griebler-consulting.de\/wp-content\/uploads\/2025\/01\/logo.jpg","contentUrl":"https:\/\/griebler-consulting.de\/wp-content\/uploads\/2025\/01\/logo.jpg","width":542,"height":449,"caption":"Griebler Consulting"},"image":{"@id":"https:\/\/griebler-consulting.de\/#\/schema\/logo\/image\/"}}]}},"_links":{"self":[{"href":"https:\/\/griebler-consulting.de\/en\/wp-json\/wp\/v2\/pages\/5","targetHints":{"allow":["GET"]}}],"collection":[{"href":"https:\/\/griebler-consulting.de\/en\/wp-json\/wp\/v2\/pages"}],"about":[{"href":"https:\/\/griebler-consulting.de\/en\/wp-json\/wp\/v2\/types\/page"}],"author":[{"embeddable":true,"href":"https:\/\/griebler-consulting.de\/en\/wp-json\/wp\/v2\/users\/1"}],"replies":[{"embeddable":true,"href":"https:\/\/griebler-consulting.de\/en\/wp-json\/wp\/v2\/comments?post=5"}],"version-history":[{"count":3,"href":"https:\/\/griebler-consulting.de\/en\/wp-json\/wp\/v2\/pages\/5\/revisions"}],"predecessor-version":[{"id":1032,"href":"https:\/\/griebler-consulting.de\/en\/wp-json\/wp\/v2\/pages\/5\/revisions\/1032"}],"wp:attachment":[{"href":"https:\/\/griebler-consulting.de\/en\/wp-json\/wp\/v2\/media?parent=5"}],"curies":[{"name":"wp","href":"https:\/\/api.w.org\/{rel}","templated":true}]}}